{"id":1201,"date":"2022-03-03T16:48:22","date_gmt":"2022-03-03T19:48:22","guid":{"rendered":"https:\/\/communicare.tecgirl.com.br\/?page_id=1201"},"modified":"2024-01-30T10:58:22","modified_gmt":"2024-01-30T13:58:22","slug":"orcamento","status":"publish","type":"page","link":"https:\/\/papelariadecora.com.br\/communicare\/orcamento\/","title":{"rendered":"Or\u00e7amento"},"content":{"rendered":"\t\t<div data-elementor-type=\"wp-page\" data-elementor-id=\"1201\" class=\"elementor elementor-1201\" data-elementor-settings=\"{&quot;ha_cmc_init_switcher&quot;:&quot;no&quot;}\">\n\t\t\t\t\t\t<section class=\"elementor-section elementor-top-section elementor-element elementor-element-6d482e0 elementor-section-height-min-height elementor-section-boxed elementor-section-height-default elementor-section-items-middle\" data-id=\"6d482e0\" data-element_type=\"section\" data-settings=\"{&quot;background_background&quot;:&quot;classic&quot;,&quot;shape_divider_bottom&quot;:&quot;triangle&quot;,&quot;_ha_eqh_enable&quot;:false}\">\n\t\t\t\t\t\t\t<div class=\"elementor-background-overlay\"><\/div>\n\t\t\t\t\t\t<div class=\"elementor-shape elementor-shape-bottom\" data-negative=\"false\">\n\t\t\t<svg xmlns=\"http:\/\/www.w3.org\/2000\/svg\" viewBox=\"0 0 1000 100\" preserveAspectRatio=\"none\">\n\t<path class=\"elementor-shape-fill\" d=\"M500,98.9L0,6.1V0h1000v6.1L500,98.9z\"\/>\n<\/svg>\t\t<\/div>\n\t\t\t\t\t<div class=\"elementor-container elementor-column-gap-default\">\n\t\t\t\t\t<div class=\"elementor-column elementor-col-100 elementor-top-column elementor-element elementor-element-0c4856e\" data-id=\"0c4856e\" data-element_type=\"column\">\n\t\t\t<div class=\"elementor-widget-wrap elementor-element-populated\">\n\t\t\t\t\t\t<div class=\"elementor-element elementor-element-634dfa0 elementor-invisible elementor-widget elementor-widget-heading\" data-id=\"634dfa0\" data-element_type=\"widget\" data-settings=\"{&quot;_animation&quot;:&quot;bounceIn&quot;}\" data-widget_type=\"heading.default\">\n\t\t\t\t<div class=\"elementor-widget-container\">\n\t\t\t<style>\/*! elementor - v3.22.0 - 17-06-2024 *\/\n.elementor-heading-title{padding:0;margin:0;line-height:1}.elementor-widget-heading .elementor-heading-title[class*=elementor-size-]>a{color:inherit;font-size:inherit;line-height:inherit}.elementor-widget-heading .elementor-heading-title.elementor-size-small{font-size:15px}.elementor-widget-heading .elementor-heading-title.elementor-size-medium{font-size:19px}.elementor-widget-heading .elementor-heading-title.elementor-size-large{font-size:29px}.elementor-widget-heading .elementor-heading-title.elementor-size-xl{font-size:39px}.elementor-widget-heading .elementor-heading-title.elementor-size-xxl{font-size:59px}<\/style><h3 class=\"elementor-heading-title elementor-size-default\">Venha conversar\n<br>com a gente!<\/h3>\t\t<\/div>\n\t\t\t\t<\/div>\n\t\t\t\t\t<\/div>\n\t\t<\/div>\n\t\t\t\t\t<\/div>\n\t\t<\/section>\n\t\t\t\t<section class=\"elementor-section elementor-top-section elementor-element elementor-element-13327a2 elementor-section-boxed elementor-section-height-default elementor-section-height-default\" data-id=\"13327a2\" data-element_type=\"section\" data-settings=\"{&quot;_ha_eqh_enable&quot;:false}\">\n\t\t\t\t\t\t<div class=\"elementor-container elementor-column-gap-default\">\n\t\t\t\t\t<div class=\"elementor-column elementor-col-50 elementor-top-column elementor-element elementor-element-982f263\" data-id=\"982f263\" data-element_type=\"column\">\n\t\t\t<div class=\"elementor-widget-wrap elementor-element-populated\">\n\t\t\t\t\t\t<section class=\"elementor-section elementor-inner-section elementor-element elementor-element-c09ec55 elementor-section-boxed elementor-section-height-default elementor-section-height-default\" data-id=\"c09ec55\" data-element_type=\"section\" data-settings=\"{&quot;background_background&quot;:&quot;classic&quot;,&quot;_ha_eqh_enable&quot;:false}\">\n\t\t\t\t\t\t<div class=\"elementor-container elementor-column-gap-default\">\n\t\t\t\t\t<div class=\"elementor-column elementor-col-100 elementor-inner-column elementor-element elementor-element-e43673b\" data-id=\"e43673b\" data-element_type=\"column\">\n\t\t\t<div class=\"elementor-widget-wrap elementor-element-populated\">\n\t\t\t\t\t\t<div class=\"elementor-element elementor-element-60fd792 elementor-invisible elementor-widget elementor-widget-heading\" data-id=\"60fd792\" data-element_type=\"widget\" data-settings=\"{&quot;_animation&quot;:&quot;fadeIn&quot;}\" data-widget_type=\"heading.default\">\n\t\t\t\t<div class=\"elementor-widget-container\">\n\t\t\t<h6 class=\"elementor-heading-title elementor-size-default\">preencha o formul\u00e1rio<\/h6>\t\t<\/div>\n\t\t\t\t<\/div>\n\t\t\t\t<div class=\"elementor-element elementor-element-aef84d1 elementor-invisible elementor-widget elementor-widget-shortcode\" data-id=\"aef84d1\" data-element_type=\"widget\" data-settings=\"{&quot;_animation&quot;:&quot;fadeIn&quot;}\" data-widget_type=\"shortcode.default\">\n\t\t\t\t<div class=\"elementor-widget-container\">\n\t\t\t\t\t<div class=\"elementor-shortcode\">\n<div class=\"wpcf7 no-js\" id=\"wpcf7-f1409-o1\" lang=\"pt-BR\" dir=\"ltr\" data-wpcf7-id=\"1409\">\n<div class=\"screen-reader-response\"><p role=\"status\" aria-live=\"polite\" aria-atomic=\"true\"><\/p> <ul><\/ul><\/div>\n<form action=\"\/communicare\/wp-json\/wp\/v2\/pages\/1201#wpcf7-f1409-o1\" method=\"post\" class=\"wpcf7-form init\" aria-label=\"Formul\u00e1rios de contato\" novalidate=\"novalidate\" data-status=\"init\">\n<fieldset class=\"hidden-fields-container\"><input type=\"hidden\" name=\"_wpcf7\" value=\"1409\" \/><input type=\"hidden\" name=\"_wpcf7_version\" value=\"6.1.5\" \/><input type=\"hidden\" name=\"_wpcf7_locale\" value=\"pt_BR\" \/><input type=\"hidden\" name=\"_wpcf7_unit_tag\" value=\"wpcf7-f1409-o1\" \/><input type=\"hidden\" name=\"_wpcf7_container_post\" value=\"0\" \/><input type=\"hidden\" name=\"_wpcf7_posted_data_hash\" value=\"\" \/>\n<\/fieldset>\n<div class=\"contato-orcamento\" >\n\t<div>\n\t\t<p><span class=\"wpcf7-form-control-wrap\" data-name=\"your-name\"><input size=\"40\" maxlength=\"400\" class=\"wpcf7-form-control wpcf7-text wpcf7-validates-as-required\" aria-required=\"true\" aria-invalid=\"false\" placeholder=\"Nome*\" value=\"\" type=\"text\" name=\"your-name\" \/><\/span>\n\t\t<\/p>\n\t<\/div>\n\t<div>\n\t\t<p><span class=\"wpcf7-form-control-wrap\" data-name=\"your-email\"><input size=\"40\" maxlength=\"400\" class=\"wpcf7-form-control wpcf7-email wpcf7-validates-as-required wpcf7-text wpcf7-validates-as-email\" aria-required=\"true\" aria-invalid=\"false\" placeholder=\"E-mail*\" value=\"\" type=\"email\" name=\"your-email\" \/><\/span>\n\t\t<\/p>\n\t<\/div>\n\t<div>\n\t\t<p><span class=\"wpcf7-form-control-wrap\" data-name=\"your-empresa\"><input size=\"40\" maxlength=\"400\" class=\"wpcf7-form-control wpcf7-text wpcf7-validates-as-required\" aria-required=\"true\" aria-invalid=\"false\" placeholder=\"Empresa*\" value=\"\" type=\"text\" name=\"your-empresa\" \/><\/span>\n\t\t<\/p>\n\t<\/div>\n\t<div>\n\t\t<p><span class=\"wpcf7-form-control-wrap\" data-name=\"your-telefone\"><input size=\"40\" maxlength=\"400\" class=\"wpcf7-form-control wpcf7-text wpcf7-validates-as-required\" aria-required=\"true\" aria-invalid=\"false\" placeholder=\"Telefone*\" value=\"\" type=\"text\" name=\"your-telefone\" \/><\/span>\n\t\t<\/p>\n\t<\/div>\n\t<div>\n\t\t<p><span class=\"wpcf7-form-control-wrap\" data-name=\"your-site\"><input size=\"40\" maxlength=\"400\" class=\"wpcf7-form-control wpcf7-url wpcf7-validates-as-required wpcf7-text wpcf7-validates-as-url\" aria-required=\"true\" aria-invalid=\"false\" placeholder=\"Site*\" value=\"\" type=\"url\" name=\"your-site\" \/><\/span>\n\t\t<\/p>\n\t<\/div>\n\t<div>\n\t\t<p><span class=\"wpcf7-form-control-wrap\" data-name=\"mensagem\"><textarea cols=\"10\" rows=\"4\" maxlength=\"2000\" class=\"wpcf7-form-control wpcf7-textarea wpcf7-validates-as-required\" aria-required=\"true\" aria-invalid=\"false\" placeholder=\"Mensagem*\" name=\"mensagem\"><\/textarea><\/span>\n\t\t<\/p>\n\t<\/div>\n\t<div style=\"color:#FFFFFF!important; \">\n\t\t<p><span class=\"wpcf7-form-control-wrap\" data-name=\"radio-962\"><span class=\"wpcf7-form-control wpcf7-radio\"><span class=\"wpcf7-list-item first\"><label><input type=\"radio\" name=\"radio-962\" value=\"Assessoria de Imprensa\" checked=\"checked\" \/><span class=\"wpcf7-list-item-label\">Assessoria de Imprensa<\/span><\/label><\/span><span class=\"wpcf7-list-item\"><label><input type=\"radio\" name=\"radio-962\" value=\"Branding: Desenvolvimento e Manual de Uso da Marca\" \/><span class=\"wpcf7-list-item-label\">Branding: Desenvolvimento e Manual de Uso da Marca<\/span><\/label><\/span><span class=\"wpcf7-list-item\"><label><input type=\"radio\" name=\"radio-962\" value=\"Comunica\u00e7\u00e3o Organizacional\" \/><span class=\"wpcf7-list-item-label\">Comunica\u00e7\u00e3o Organizacional<\/span><\/label><\/span><span class=\"wpcf7-list-item\"><label><input type=\"radio\" name=\"radio-962\" value=\"Comunica\u00e7\u00e3o interna (Endomarketing)\" \/><span class=\"wpcf7-list-item-label\">Comunica\u00e7\u00e3o interna (Endomarketing)<\/span><\/label><\/span><span class=\"wpcf7-list-item\"><label><input type=\"radio\" name=\"radio-962\" value=\"Gest\u00e3o de projetos de responsabilidade socioambiental\" \/><span class=\"wpcf7-list-item-label\">Gest\u00e3o de projetos de responsabilidade socioambiental<\/span><\/label><\/span><span class=\"wpcf7-list-item\"><label><input type=\"radio\" name=\"radio-962\" value=\"Publica\u00e7\u00f5es Corporativas (impressas e digitais)\" \/><span class=\"wpcf7-list-item-label\">Publica\u00e7\u00f5es Corporativas (impressas e digitais)<\/span><\/label><\/span><span class=\"wpcf7-list-item last\"><label><input type=\"radio\" name=\"radio-962\" value=\"Sites \/ Blog\" \/><span class=\"wpcf7-list-item-label\">Sites \/ Blog<\/span><\/label><\/span><\/span><\/span>\n\t\t<\/p>\n\t<\/div>\n\t<div style=\" width: 100%; display:flex; justify-content:center; flex-direction: column; border-radius: 50% !important\">\n\t\t<p class=\"aiowps-captcha hide-when-displaying-tfa-input\"><label for=\"aiowps-captcha-answer-69e37bc7da9c8\">Digite uma resposta em n\u00fameros:<\/label>\n\t\t<\/p>\n\t\t<div class=\"aiowps-captcha-equation hide-when-displaying-tfa-input\">\n\t\t\t<p><strong>16 &#43; vinte = <input type=\"hidden\" name=\"aiowps-captcha-string-info\" class=\"aiowps-captcha-string-info\" value=\"zdueq3y3e7\" \/><input type=\"hidden\" name=\"aiowps-captcha-temp-string\" class=\"aiowps-captcha-temp-string\" value=\"1776516039\" \/><input type=\"text\" size=\"2\" id=\"aiowps-captcha-answer-69e37bc7da9c8\" class=\"aiowps-captcha-answer\" name=\"aiowps-captcha-answer\" value=\"\" autocomplete=\"off\" \/><\/strong>\n\t\t\t<\/p>\n\t\t<\/div>\n\t\t<p><span class='wpcf7-form-control-wrap' data-name='aiowps-captcha'><\/span><input class=\"wpcf7-form-control wpcf7-submit has-spinner\" type=\"submit\" value=\"SOLICITAR OR\u00c7AMENTO\" \/>\n\t\t<\/p>\n\t<\/div>\n<\/div><div class=\"wpcf7-response-output\" aria-hidden=\"true\"><\/div>\n<\/form>\n<\/div>\n<\/div>\n\t\t\t\t<\/div>\n\t\t\t\t<\/div>\n\t\t\t\t\t<\/div>\n\t\t<\/div>\n\t\t\t\t\t<\/div>\n\t\t<\/section>\n\t\t\t\t\t<\/div>\n\t\t<\/div>\n\t\t\t\t<div class=\"elementor-column elementor-col-50 elementor-top-column elementor-element elementor-element-4e0307d\" data-id=\"4e0307d\" data-element_type=\"column\">\n\t\t\t<div class=\"elementor-widget-wrap elementor-element-populated\">\n\t\t\t\t\t\t<div class=\"elementor-element elementor-element-8e1e028 elementor-invisible elementor-widget elementor-widget-heading\" data-id=\"8e1e028\" data-element_type=\"widget\" data-settings=\"{&quot;_animation&quot;:&quot;bounceIn&quot;}\" data-widget_type=\"heading.default\">\n\t\t\t\t<div class=\"elementor-widget-container\">\n\t\t\t<h2 class=\"elementor-heading-title elementor-size-default\">Perguntas Frequentes<\/h2>\t\t<\/div>\n\t\t\t\t<\/div>\n\t\t\t\t<div class=\"elementor-element elementor-element-a963d74 elementor-invisible elementor-widget elementor-widget-htmega-accordion-addons\" data-id=\"a963d74\" data-element_type=\"widget\" data-settings=\"{&quot;_animation&quot;:&quot;fadeIn&quot;}\" data-widget_type=\"htmega-accordion-addons.default\">\n\t\t\t\t<div class=\"elementor-widget-container\">\n\t\t\t<div class=\"accordion\" id=\"accordionExamplea963d74\">                            <div class=\"single_accourdion htmega-icon-align-right\">\n\n                                <div class=\"htmega-accourdion-title\">\n                                    <h2 data-toggle=\"htbcollapse\" data-target=\"#htmega-collapse1a963d74\" class=\"htb-collapsed htmega-items-hedding\">O que a Communicare Assessoria faz? <span class=\"accourdion-icon close-accourdion\"><i class=\"fas fa-chevron-down\"><\/i><\/span><span class=\"accourdion-icon open-accourdion\"><i class=\"fas fa-chevron-right\"><\/i><\/span><\/h2>                                <\/div>\n\n                                <div id=\"htmega-collapse1a963d74\" class=\"htb-collapse \" data-parent=\"#accordionExamplea963d74\" >\n                                    <div class=\"accordion-content\">\n                                        <p>Estar preparado para se comunicar \u00e9 uma necessidade de todas as empresas que querem crescer. Seriedade, compromisso e busca pelo que existe de mais moderno na comunica\u00e7\u00e3o s\u00e3o alguns dos atributos que fazem da Communicare uma ag\u00eancia de refer\u00eancia.<\/p><p>Na Communicare voc\u00ea encontra uma equipe de profissionais multidisciplinar, preparada para entender as prioridades e atender as necessidades de sua empresa para ter uma comunica\u00e7\u00e3o efetiva e estrat\u00e9gica.<\/p><p>Se voc\u00ea quer ser parceiro de uma ag\u00eancia de comunica\u00e7\u00e3o altamente profissional, que tem foco em trazer resultados, a Communicare \u00e9 exatamente quem voc\u00ea busca! Ser uma empresa refer\u00eancia em credibilidade para nossos clientes, entregando excelentes resultados com a agilidade e criatividade que o mercado atual\u00a0necessita.<\/p>                                    <\/div>\n                                <\/div>\n\n                            <\/div>\n\n                                                    <div class=\"single_accourdion htmega-icon-align-right\">\n\n                                <div class=\"htmega-accourdion-title\">\n                                    <h2 data-toggle=\"htbcollapse\" data-target=\"#htmega-collapse2a963d74\" class=\"htb-collapsed htmega-items-hedding\">Qual o endere\u00e7o da Communicare? <span class=\"accourdion-icon close-accourdion\"><i class=\"fas fa-chevron-down\"><\/i><\/span><span class=\"accourdion-icon open-accourdion\"><i class=\"fas fa-chevron-right\"><\/i><\/span><\/h2>                                <\/div>\n\n                                <div id=\"htmega-collapse2a963d74\" class=\"htb-collapse \" data-parent=\"#accordionExamplea963d74\" >\n                                    <div class=\"accordion-content\">\n                                        <p>Nosso novo escrit\u00f3rio est\u00e1 localizado na Rua Deputado Claro C\u00e9sar, 74, Sala 38 \u2013 Pindamonhangaba\/SP \u2013 CEP: 12400-220.<\/p><p>No rodap\u00e9 desta p\u00e1gina voc\u00ea tamb\u00e9m poder\u00e1 visualizar o nosso endere\u00e7o diretamente atrav\u00e9s do mapa.<\/p>                                    <\/div>\n                                <\/div>\n\n                            <\/div>\n\n                                                    <div class=\"single_accourdion htmega-icon-align-right\">\n\n                                <div class=\"htmega-accourdion-title\">\n                                    <h2 data-toggle=\"htbcollapse\" data-target=\"#htmega-collapse3a963d74\" class=\"htb-collapsed htmega-items-hedding\">Como a Communicare pode ajudar minha empresa? <span class=\"accourdion-icon close-accourdion\"><i class=\"fas fa-chevron-down\"><\/i><\/span><span class=\"accourdion-icon open-accourdion\"><i class=\"fas fa-chevron-right\"><\/i><\/span><\/h2>                                <\/div>\n\n                                <div id=\"htmega-collapse3a963d74\" class=\"htb-collapse \" data-parent=\"#accordionExamplea963d74\" >\n                                    <div class=\"accordion-content\">\n                                        <p>N\u00f3s ajudamos a sua empresa a se posicionar no mercado online e offline atrav\u00e9s da cria\u00e7\u00e3o e utiliza\u00e7\u00e3o devida do manual da marca. Facilitamos a comunica\u00e7\u00e3o externa com gerenciamento da assessoria de imprensa, da gest\u00e3o de projetos e responsabilidades socioambiental, em publica\u00e7\u00f5es corporativas, no desenvolvimento de sites e blogs e muito mais.\u00a0<\/p><p><strong>Entre em contato conosco pelo formul\u00e1rio desta p\u00e1gina ou envie uma mensagem direta em nosso whatsapp.<\/strong><\/p><ul><li><a href=\"https:\/\/api.whatsapp.com\/send?phone=5512988192824\">Clique aqui para falar com a Camila;<\/a><\/li><li><a href=\"https:\/\/api.whatsapp.com\/send?phone=5512997832490\">Clique aqui para falar com a Aline;<\/a> ou<\/li><li><a href=\"https:\/\/api.whatsapp.com\/send?phone=5521979206549\">Clique aqui para falar com o Giovanni.<\/a><\/li><\/ul>                                    <\/div>\n                                <\/div>\n\n                            <\/div>\n\n                                                    <div class=\"single_accourdion htmega-icon-align-right\">\n\n                                <div class=\"htmega-accourdion-title\">\n                                    <h2 data-toggle=\"htbcollapse\" data-target=\"#htmega-collapse4a963d74\" class=\"htb-collapsed htmega-items-hedding\">Como a privacidade dos clientes \u00e9 protegida? <span class=\"accourdion-icon close-accourdion\"><i class=\"fas fa-chevron-down\"><\/i><\/span><span class=\"accourdion-icon open-accourdion\"><i class=\"fas fa-chevron-right\"><\/i><\/span><\/h2>                                <\/div>\n\n                                <div id=\"htmega-collapse4a963d74\" class=\"htb-collapse \" data-parent=\"#accordionExamplea963d74\" >\n                                    <div class=\"accordion-content\">\n                                        <p>Na Communicare Assessoria, a prote\u00e7\u00e3o da privacidade dos nossos clientes \u00e9 alicer\u00e7ada em princ\u00edpios robustos e pr\u00e1ticas eficazes. Estabelecemos <a href=\"https:\/\/papelariadecora.com.br\/communicare\/politica-de-privacidade\/\"><strong>pol\u00edticas de privacidade transparentes<\/strong><\/a>, acess\u00edveis em nossos canais de comunica\u00e7\u00e3o com o intuito de garantir que os clientes compreendam plenamente como suas informa\u00e7\u00f5es ser\u00e3o tratadas.\u00a0<\/p><p>O consentimento informado \u00e9 uma pedra angular de nossa abordagem, assegurando que coletamos dados apenas com a expressa concord\u00e2ncia dos clientes. Restringimos o acesso \u00e0s informa\u00e7\u00f5es confidenciais, permitindo que apenas membros autorizados de nossa equipe tenham acesso aos dados relevantes.<\/p><p>Essas pr\u00e1ticas refletem nosso compromisso com a seguran\u00e7a e a confidencialidade dos dados dos clientes. <strong>Na Communicare Assessoria, n\u00e3o apenas cumprimos as normas legais de privacidade, mas tamb\u00e9m buscamos constantemente aprimorar nossos protocolos para garantir a confian\u00e7a e satisfa\u00e7\u00e3o cont\u00ednuas de nossos clientes.<\/strong><\/p>                                    <\/div>\n                                <\/div>\n\n                            <\/div>\n\n                        <\/div>\t\t<\/div>\n\t\t\t\t<\/div>\n\t\t\t\t\t<\/div>\n\t\t<\/div>\n\t\t\t\t\t<\/div>\n\t\t<\/section>\n\t\t\t\t<section class=\"elementor-section elementor-top-section elementor-element elementor-element-7d1a0e8 elementor-section-boxed elementor-section-height-default elementor-section-height-default\" data-id=\"7d1a0e8\" data-element_type=\"section\" data-settings=\"{&quot;_ha_eqh_enable&quot;:false}\">\n\t\t\t\t\t\t<div class=\"elementor-container elementor-column-gap-default\">\n\t\t\t\t\t<div class=\"elementor-column elementor-col-100 elementor-top-column elementor-element elementor-element-160c3e5\" data-id=\"160c3e5\" data-element_type=\"column\">\n\t\t\t<div class=\"elementor-widget-wrap elementor-element-populated\">\n\t\t\t\t\t\t<div class=\"elementor-element elementor-element-55f6077 elementor-invisible elementor-widget elementor-widget-image\" data-id=\"55f6077\" data-element_type=\"widget\" data-settings=\"{&quot;_animation&quot;:&quot;zoomIn&quot;}\" data-widget_type=\"image.default\">\n\t\t\t\t<div class=\"elementor-widget-container\">\n\t\t\t<style>\/*! elementor - v3.22.0 - 17-06-2024 *\/\n.elementor-widget-image{text-align:center}.elementor-widget-image a{display:inline-block}.elementor-widget-image a img[src$=\".svg\"]{width:48px}.elementor-widget-image img{vertical-align:middle;display:inline-block}<\/style>\t\t\t\t\t\t\t\t\t\t<img decoding=\"async\" width=\"432\" height=\"46\" src=\"https:\/\/papelariadecora.com.br\/communicare\/wp-content\/uploads\/2023\/11\/div_boomerang-1.svg\" class=\"attachment-large size-large wp-image-3034\" alt=\"\" \/>\t\t\t\t\t\t\t\t\t\t\t\t\t<\/div>\n\t\t\t\t<\/div>\n\t\t\t\t\t<\/div>\n\t\t<\/div>\n\t\t\t\t\t<\/div>\n\t\t<\/section>\n\t\t\t\t<section class=\"elementor-section elementor-top-section elementor-element elementor-element-2af4316 elementor-section-full_width elementor-section-height-default elementor-section-height-default\" data-id=\"2af4316\" data-element_type=\"section\" data-settings=\"{&quot;_ha_eqh_enable&quot;:false}\">\n\t\t\t\t\t\t<div class=\"elementor-container elementor-column-gap-default\">\n\t\t\t\t\t<div class=\"elementor-column elementor-col-100 elementor-top-column elementor-element elementor-element-ca004fd\" data-id=\"ca004fd\" data-element_type=\"column\">\n\t\t\t<div class=\"elementor-widget-wrap elementor-element-populated\">\n\t\t\t\t\t\t<div class=\"elementor-element elementor-element-056305c elementor-invisible elementor-widget elementor-widget-heading\" data-id=\"056305c\" data-element_type=\"widget\" data-settings=\"{&quot;_animation&quot;:&quot;bounceIn&quot;}\" data-widget_type=\"heading.default\">\n\t\t\t\t<div class=\"elementor-widget-container\">\n\t\t\t<h2 class=\"elementor-heading-title elementor-size-default\">Como chegar?<\/h2>\t\t<\/div>\n\t\t\t\t<\/div>\n\t\t\t\t<div class=\"elementor-element elementor-element-8e61cc8 elementor-invisible elementor-widget elementor-widget-heading\" data-id=\"8e61cc8\" data-element_type=\"widget\" data-settings=\"{&quot;_animation&quot;:&quot;fadeIn&quot;}\" data-widget_type=\"heading.default\">\n\t\t\t\t<div class=\"elementor-widget-container\">\n\t\t\t<span class=\"elementor-heading-title elementor-size-default\">Rua Deputado Claro C\u00e9sar, 74, Sala 38 \u2013 Pindamonhangaba\/SP \u2013 CEP: 12400-220<\/span>\t\t<\/div>\n\t\t\t\t<\/div>\n\t\t\t\t<div class=\"elementor-element elementor-element-4769ec4 elementor-invisible elementor-widget elementor-widget-google_maps\" data-id=\"4769ec4\" data-element_type=\"widget\" data-settings=\"{&quot;_animation&quot;:&quot;fadeIn&quot;}\" data-widget_type=\"google_maps.default\">\n\t\t\t\t<div class=\"elementor-widget-container\">\n\t\t\t<style>\/*! elementor - v3.22.0 - 17-06-2024 *\/\n.elementor-widget-google_maps .elementor-widget-container{overflow:hidden}.elementor-widget-google_maps .elementor-custom-embed{line-height:0}.elementor-widget-google_maps iframe{height:300px}<\/style>\t\t<div class=\"elementor-custom-embed\">\n\t\t\t<iframe loading=\"lazy\"\n\t\t\t\t\tsrc=\"https:\/\/maps.google.com\/maps?q=Rua%20Deputado%20Claro%20C%C3%A9sar%2C%2074%2C%20Sala%2038%20%E2%80%93%20Pindamonhangaba%2FSP%20%E2%80%93%20CEP%3A%2012400-220&#038;t=m&#038;z=15&#038;output=embed&#038;iwloc=near\"\n\t\t\t\t\ttitle=\"Rua Deputado Claro C\u00e9sar, 74, Sala 38 \u2013 Pindamonhangaba\/SP \u2013 CEP: 12400-220\"\n\t\t\t\t\taria-label=\"Rua Deputado Claro C\u00e9sar, 74, Sala 38 \u2013 Pindamonhangaba\/SP \u2013 CEP: 12400-220\"\n\t\t\t><\/iframe>\n\t\t<\/div>\n\t\t\t\t<\/div>\n\t\t\t\t<\/div>\n\t\t\t\t\t<\/div>\n\t\t<\/div>\n\t\t\t\t\t<\/div>\n\t\t<\/section>\n\t\t\t\t<\/div>\n\t\t","protected":false},"excerpt":{"rendered":"<p>Venha conversar com a gente! preencha o formul\u00e1rio Perguntas Frequentes O que a Communicare Assessoria faz? Estar preparado para se comunicar \u00e9 uma necessidade de todas as empresas que querem crescer. Seriedade, compromisso e busca pelo que existe de mais moderno na comunica\u00e7\u00e3o s\u00e3o alguns dos atributos que fazem da Communicare uma ag\u00eancia de refer\u00eancia. [&hellip;]<\/p>\n","protected":false},"author":1,"featured_media":0,"parent":0,"menu_order":0,"comment_status":"closed","ping_status":"closed","template":"","meta":{"footnotes":""},"class_list":["post-1201","page","type-page","status-publish","hentry"],"aioseo_notices":[],"_links":{"self":[{"href":"https:\/\/papelariadecora.com.br\/communicare\/wp-json\/wp\/v2\/pages\/1201","targetHints":{"allow":["GET"]}}],"collection":[{"href":"https:\/\/papelariadecora.com.br\/communicare\/wp-json\/wp\/v2\/pages"}],"about":[{"href":"https:\/\/papelariadecora.com.br\/communicare\/wp-json\/wp\/v2\/types\/page"}],"author":[{"embeddable":true,"href":"https:\/\/papelariadecora.com.br\/communicare\/wp-json\/wp\/v2\/users\/1"}],"replies":[{"embeddable":true,"href":"https:\/\/papelariadecora.com.br\/communicare\/wp-json\/wp\/v2\/comments?post=1201"}],"version-history":[{"count":126,"href":"https:\/\/papelariadecora.com.br\/communicare\/wp-json\/wp\/v2\/pages\/1201\/revisions"}],"predecessor-version":[{"id":3453,"href":"https:\/\/papelariadecora.com.br\/communicare\/wp-json\/wp\/v2\/pages\/1201\/revisions\/3453"}],"wp:attachment":[{"href":"https:\/\/papelariadecora.com.br\/communicare\/wp-json\/wp\/v2\/media?parent=1201"}],"curies":[{"name":"wp","href":"https:\/\/api.w.org\/{rel}","templated":true}]}}