{"id":1351,"date":"2022-03-04T10:27:29","date_gmt":"2022-03-04T13:27:29","guid":{"rendered":"https:\/\/communicare.tecgirl.com.br\/?page_id=1351"},"modified":"2024-02-09T12:14:27","modified_gmt":"2024-02-09T15:14:27","slug":"quem-somos","status":"publish","type":"page","link":"https:\/\/papelariadecora.com.br\/communicare\/quem-somos\/","title":{"rendered":"Quem Somos? Conhe\u00e7a a Communicare Assessoria em Comunica\u00e7\u00e3o"},"content":{"rendered":"\t\t<div data-elementor-type=\"wp-page\" data-elementor-id=\"1351\" class=\"elementor elementor-1351\" data-elementor-settings=\"{&quot;ha_cmc_init_switcher&quot;:&quot;no&quot;}\">\n\t\t\t\t\t\t<section class=\"elementor-section elementor-top-section elementor-element elementor-element-be953ed elementor-section-height-min-height elementor-section-boxed elementor-section-height-default elementor-section-items-middle\" data-id=\"be953ed\" data-element_type=\"section\" data-settings=\"{&quot;background_background&quot;:&quot;classic&quot;,&quot;shape_divider_bottom&quot;:&quot;triangle&quot;,&quot;_ha_eqh_enable&quot;:false}\">\n\t\t\t\t\t\t\t<div class=\"elementor-background-overlay\"><\/div>\n\t\t\t\t\t\t<div class=\"elementor-shape elementor-shape-bottom\" data-negative=\"false\">\n\t\t\t<svg xmlns=\"http:\/\/www.w3.org\/2000\/svg\" viewBox=\"0 0 1000 100\" preserveAspectRatio=\"none\">\n\t<path class=\"elementor-shape-fill\" d=\"M500,98.9L0,6.1V0h1000v6.1L500,98.9z\"\/>\n<\/svg>\t\t<\/div>\n\t\t\t\t\t<div class=\"elementor-container elementor-column-gap-default\">\n\t\t\t\t\t<div class=\"elementor-column elementor-col-100 elementor-top-column elementor-element elementor-element-b59723d\" data-id=\"b59723d\" data-element_type=\"column\">\n\t\t\t<div class=\"elementor-widget-wrap elementor-element-populated\">\n\t\t\t\t\t\t<div class=\"elementor-element elementor-element-84c62d1 elementor-invisible elementor-widget elementor-widget-heading\" data-id=\"84c62d1\" data-element_type=\"widget\" data-settings=\"{&quot;_animation&quot;:&quot;bounceIn&quot;}\" data-widget_type=\"heading.default\">\n\t\t\t\t<div class=\"elementor-widget-container\">\n\t\t\t<style>\/*! elementor - v3.22.0 - 17-06-2024 *\/\n.elementor-heading-title{padding:0;margin:0;line-height:1}.elementor-widget-heading .elementor-heading-title[class*=elementor-size-]>a{color:inherit;font-size:inherit;line-height:inherit}.elementor-widget-heading .elementor-heading-title.elementor-size-small{font-size:15px}.elementor-widget-heading .elementor-heading-title.elementor-size-medium{font-size:19px}.elementor-widget-heading .elementor-heading-title.elementor-size-large{font-size:29px}.elementor-widget-heading .elementor-heading-title.elementor-size-xl{font-size:39px}.elementor-widget-heading .elementor-heading-title.elementor-size-xxl{font-size:59px}<\/style><h3 class=\"elementor-heading-title elementor-size-default\">A Communicare<\/h3>\t\t<\/div>\n\t\t\t\t<\/div>\n\t\t\t\t<div class=\"elementor-element elementor-element-c271efe elementor-align-center elementor-invisible elementor-widget elementor-widget-button\" data-id=\"c271efe\" data-element_type=\"widget\" data-settings=\"{&quot;_animation&quot;:&quot;fadeIn&quot;}\" data-widget_type=\"button.default\">\n\t\t\t\t<div class=\"elementor-widget-container\">\n\t\t\t\t\t<div class=\"elementor-button-wrapper\">\n\t\t\t<a class=\"elementor-button elementor-size-sm\" role=\"button\">\n\t\t\t\t\t\t<span class=\"elementor-button-content-wrapper\">\n\t\t\t\t\t\t\t\t\t<span class=\"elementor-button-text\">Quem somos?<\/span>\n\t\t\t\t\t<\/span>\n\t\t\t\t\t<\/a>\n\t\t<\/div>\n\t\t\t\t<\/div>\n\t\t\t\t<\/div>\n\t\t\t\t\t<\/div>\n\t\t<\/div>\n\t\t\t\t\t<\/div>\n\t\t<\/section>\n\t\t\t\t<section class=\"elementor-section elementor-top-section elementor-element elementor-element-a4c1acb elementor-section-boxed elementor-section-height-default elementor-section-height-default\" data-id=\"a4c1acb\" data-element_type=\"section\" data-settings=\"{&quot;_ha_eqh_enable&quot;:false}\">\n\t\t\t\t\t\t<div class=\"elementor-container elementor-column-gap-default\">\n\t\t\t\t\t<div class=\"elementor-column elementor-col-100 elementor-top-column elementor-element elementor-element-c738c8e\" data-id=\"c738c8e\" data-element_type=\"column\">\n\t\t\t<div class=\"elementor-widget-wrap elementor-element-populated\">\n\t\t\t\t\t\t<div class=\"elementor-element elementor-element-59a4447 elementor-invisible elementor-widget elementor-widget-heading\" data-id=\"59a4447\" data-element_type=\"widget\" data-settings=\"{&quot;_animation&quot;:&quot;bounceIn&quot;}\" data-widget_type=\"heading.default\">\n\t\t\t\t<div class=\"elementor-widget-container\">\n\t\t\t<h2 class=\"elementor-heading-title elementor-size-default\">Sobre n\u00f3s<\/h2>\t\t<\/div>\n\t\t\t\t<\/div>\n\t\t\t\t<div class=\"elementor-element elementor-element-3e9a6db elementor-invisible elementor-widget elementor-widget-text-editor\" data-id=\"3e9a6db\" data-element_type=\"widget\" data-settings=\"{&quot;_animation&quot;:&quot;fadeIn&quot;}\" data-widget_type=\"text-editor.default\">\n\t\t\t\t<div class=\"elementor-widget-container\">\n\t\t\t<style>\/*! elementor - v3.22.0 - 17-06-2024 *\/\n.elementor-widget-text-editor.elementor-drop-cap-view-stacked .elementor-drop-cap{background-color:#69727d;color:#fff}.elementor-widget-text-editor.elementor-drop-cap-view-framed .elementor-drop-cap{color:#69727d;border:3px solid;background-color:transparent}.elementor-widget-text-editor:not(.elementor-drop-cap-view-default) .elementor-drop-cap{margin-top:8px}.elementor-widget-text-editor:not(.elementor-drop-cap-view-default) .elementor-drop-cap-letter{width:1em;height:1em}.elementor-widget-text-editor .elementor-drop-cap{float:left;text-align:center;line-height:1;font-size:50px}.elementor-widget-text-editor .elementor-drop-cap-letter{display:inline-block}<\/style>\t\t\t\t<p>Estar preparado para se comunicar \u00e9 uma necessidade de todas as<b> empresas que querem crescer. <\/b>Seriedade, compromisso e busca pelo que existe de mais moderno na comunica\u00e7\u00e3o s\u00e3o alguns dos atributos que fazem da Communicare uma ag\u00eancia de refer\u00eancia.<\/p><p>Na Communicare voc\u00ea encontra uma equipe de profissionais multidisciplinar, preparada para <b>entender as prioridades<\/b> e<b> atender as necessidades de sua empresa<\/b> para ter uma <b>comunica\u00e7\u00e3o efetiva<\/b> e<b> estrat\u00e9gica.<\/b><\/p><p>Se voc\u00ea quer ser parceiro de uma ag\u00eancia de comunica\u00e7\u00e3o altamente profissional, que tem foco em trazer resultados, a <b>Communicare \u00e9 exatamente quem voc\u00ea busca!<\/b> Ser uma empresa refer\u00eancia em credibilidade para nossos clientes, entregando excelentes resultados com a <b>agilidade<\/b> e <b>criatividade <\/b>que o mercado atual\u00a0necessita.<\/p>\t\t\t\t\t\t<\/div>\n\t\t\t\t<\/div>\n\t\t\t\t<div class=\"elementor-element elementor-element-7d6d8e5 elementor-invisible elementor-widget elementor-widget-heading\" data-id=\"7d6d8e5\" data-element_type=\"widget\" data-settings=\"{&quot;_animation&quot;:&quot;bounceIn&quot;}\" data-widget_type=\"heading.default\">\n\t\t\t\t<div class=\"elementor-widget-container\">\n\t\t\t<h2 class=\"elementor-heading-title elementor-size-default\">Nossa trajet\u00f3ria<\/h2>\t\t<\/div>\n\t\t\t\t<\/div>\n\t\t\t\t<div class=\"elementor-element elementor-element-39c9d0b elementor-invisible elementor-widget elementor-widget-text-editor\" data-id=\"39c9d0b\" data-element_type=\"widget\" data-settings=\"{&quot;_animation&quot;:&quot;fadeIn&quot;}\" data-widget_type=\"text-editor.default\">\n\t\t\t\t<div class=\"elementor-widget-container\">\n\t\t\t\t\t\t\t<p>Explore os cap\u00edtulos que moldaram nossa trajet\u00f3ria. Desde o in\u00edcio da Communicare at\u00e9 os marcos mais recentes, cada momento conta um epis\u00f3dio \u00fanico de crescimento, desafios superados e conquistas alcan\u00e7adas.<\/p><p>Convidamos voc\u00ea a conhecer as ra\u00edzes de nossa jornada, entender os valores que nos guiaram e nos permitiram celebrar os sucessos que nos impulsionaram\u00a0at\u00e9\u00a0aqui.<\/p>\t\t\t\t\t\t<\/div>\n\t\t\t\t<\/div>\n\t\t\t\t<div class=\"elementor-element elementor-element-14432c5 elementor-invisible elementor-widget elementor-widget-ha-horizontal-timeline happy-addon ha-horizontal-timeline\" data-id=\"14432c5\" data-element_type=\"widget\" data-settings=\"{&quot;_animation&quot;:&quot;fadeIn&quot;,&quot;animation_speed&quot;:800,&quot;loop&quot;:&quot;yes&quot;,&quot;slides_to_show&quot;:3,&quot;slides_to_show_tablet&quot;:3,&quot;slides_to_show_mobile&quot;:2}\" data-widget_type=\"ha-horizontal-timeline.default\">\n\t\t\t\t<div class=\"elementor-widget-container\">\n\t\t\t\t\t<div class=\"ha-horizontal-timeline-wrapper ha-carousel\">\n\n\t\t\t\t\t\t\t<div class=\"ha-horizontal-timeline-block elementor-repeater-item-0e6369a\">\n\t\t\t\t\t<div class=\"ha-horizontal-timeline-icon-box\">\n\n\t\t\t\t\t\t<span class=\"ha-horizontal-timeline-date\">1994<\/span>\n\n\t\t\t\t\t\t<div class=\"ha-horizontal-timeline-top-inner\">\n\t\t\t\t\t\t\t\t\t\t\t\t\t\t\t<div class=\"ha-horizontal-timeline-icon\">\n\t\t\t\t\t\t\t\t\t<i aria-hidden=\"true\" class=\"fas fa-calendar-alt\"><\/i>\t\t\t\t\t\t\t\t<\/div>\n\t\t\t\t\t\t\t\t\t\t\t\t\t\t<div class=\"ha-horizontal-timeline-tree\"><\/div>\n\t\t\t\t\t\t<\/div>\n\t\t\t\t\t<\/div>\n\n\t\t\t\t\t<div class=\"ha-horizontal-timeline-content\">\n\n\t\t\t\t\t\t\t\t\t\t\t\t\t<div class=\"ha-horizontal-timeline-arrow\"><\/div>\n\t\t\t\t\t\t\n\t\t\t\t\t\t<div class=\"ha-horizontal-timeline-inner\">\n\t\t\t\t\t\t\t\t\t\t\t\t\t\t\t\t\t\t\t\t\t\t\t<div class=\"ha-horizontal-timeline-image\" >\n\t\t\t\t\t\t\t\t\t<img decoding=\"async\" src=\"https:\/\/papelariadecora.com.br\/communicare\/wp-content\/plugins\/elementor\/assets\/images\/placeholder.png\" title=\"\" alt=\"\" loading=\"lazy\" \/>\t\t\t\t\t\t\t\t<\/div>\n\t\t\t\t\t\t\t\n\t\t\t\t\t\t\t<h2 class=\"ha-horizontal-timeline-title\">Funda\u00e7\u00e3o<\/h2>\n\t\t\t\t\t\t\t\t\t\t\t\t\t\t\t<span class=\"ha-horizontal-timeline-subtitle\">Fundada por Silv\u00e2nia Dias<\/span>\n\t\t\t\t\t\t\t\n\t\t\t\t\t\t\t<div class=\"ha-horizontal-timeline-description\"><p>Lorem ipsum dolor sit amet, consectetur adipiscing elit. Donec id nibh hendrerit, accumsan sem et, vulputate magna. Proin auctor finibus orci eget fringilla. Phasellus scelerisque tempus ex et viverra. Proin hendrerit malesuada fermentum. Etiam sit amet dui efficitur, egestas ex eget, congue nibh.\u00a0<\/p><\/div>\t\t\t\t\t\t<\/div>\n\t\t\t\t\t<\/div>\n\t\t\t\t<\/div>\n\n\t\t\t\t\t\t\t<div class=\"ha-horizontal-timeline-block elementor-repeater-item-572dae3\">\n\t\t\t\t\t<div class=\"ha-horizontal-timeline-icon-box\">\n\n\t\t\t\t\t\t<span class=\"ha-horizontal-timeline-date\">1993<\/span>\n\n\t\t\t\t\t\t<div class=\"ha-horizontal-timeline-top-inner\">\n\t\t\t\t\t\t\t\t\t\t\t\t\t\t\t<div class=\"ha-horizontal-timeline-icon\">\n\t\t\t\t\t\t\t\t\t<i aria-hidden=\"true\" class=\"fas fa-calendar-alt\"><\/i>\t\t\t\t\t\t\t\t<\/div>\n\t\t\t\t\t\t\t\t\t\t\t\t\t\t<div class=\"ha-horizontal-timeline-tree\"><\/div>\n\t\t\t\t\t\t<\/div>\n\t\t\t\t\t<\/div>\n\n\t\t\t\t\t<div class=\"ha-horizontal-timeline-content\">\n\n\t\t\t\t\t\t\t\t\t\t\t\t\t<div class=\"ha-horizontal-timeline-arrow\"><\/div>\n\t\t\t\t\t\t\n\t\t\t\t\t\t<div class=\"ha-horizontal-timeline-inner\">\n\t\t\t\t\t\t\t\t\t\t\t\t\t\t\t\t\t\t\t\t\t\t\t<div class=\"ha-horizontal-timeline-image\" >\n\t\t\t\t\t\t\t\t\t<img decoding=\"async\" src=\"https:\/\/papelariadecora.com.br\/communicare\/wp-content\/plugins\/elementor\/assets\/images\/placeholder.png\" title=\"\" alt=\"\" loading=\"lazy\" \/>\t\t\t\t\t\t\t\t<\/div>\n\t\t\t\t\t\t\t\n\t\t\t\t\t\t\t<h2 class=\"ha-horizontal-timeline-title\">Sociedade<\/h2>\n\t\t\t\t\t\t\t\t\t\t\t\t\t\t\t<span class=\"ha-horizontal-timeline-subtitle\">Fundada por Silv\u00e2nia Dias<\/span>\n\t\t\t\t\t\t\t\n\t\t\t\t\t\t\t<div class=\"ha-horizontal-timeline-description\"><p>Falar sobre a inclus\u00e3o das meninas na sociedade tipo &#8220;A medida que a empresa foi crescendo&#8221;&#8230; Lorem ipsum dolor sit amet, consectetur adipiscing elit. Donec id nibh hendrerit, accumsan sem et, vulputate magna. Proin auctor finibus orci eget fringilla. Phasellus scelerisque tempus ex et viverra.\u00a0<\/p><\/div>\t\t\t\t\t\t<\/div>\n\t\t\t\t\t<\/div>\n\t\t\t\t<\/div>\n\n\t\t\t\t\t\t\t<div class=\"ha-horizontal-timeline-block elementor-repeater-item-866e9cd\">\n\t\t\t\t\t<div class=\"ha-horizontal-timeline-icon-box\">\n\n\t\t\t\t\t\t<span class=\"ha-horizontal-timeline-date\">1993<\/span>\n\n\t\t\t\t\t\t<div class=\"ha-horizontal-timeline-top-inner\">\n\t\t\t\t\t\t\t\t\t\t\t\t\t\t\t<div class=\"ha-horizontal-timeline-icon\">\n\t\t\t\t\t\t\t\t\t<i aria-hidden=\"true\" class=\"fas fa-calendar-alt\"><\/i>\t\t\t\t\t\t\t\t<\/div>\n\t\t\t\t\t\t\t\t\t\t\t\t\t\t<div class=\"ha-horizontal-timeline-tree\"><\/div>\n\t\t\t\t\t\t<\/div>\n\t\t\t\t\t<\/div>\n\n\t\t\t\t\t<div class=\"ha-horizontal-timeline-content\">\n\n\t\t\t\t\t\t\t\t\t\t\t\t\t<div class=\"ha-horizontal-timeline-arrow\"><\/div>\n\t\t\t\t\t\t\n\t\t\t\t\t\t<div class=\"ha-horizontal-timeline-inner\">\n\t\t\t\t\t\t\t\t\t\t\t\t\t\t\t\t\t\t\t\t\t\t\t<div class=\"ha-horizontal-timeline-image\" >\n\t\t\t\t\t\t\t\t\t<img decoding=\"async\" src=\"https:\/\/papelariadecora.com.br\/communicare\/wp-content\/plugins\/elementor\/assets\/images\/placeholder.png\" title=\"\" alt=\"\" loading=\"lazy\" \/>\t\t\t\t\t\t\t\t<\/div>\n\t\t\t\t\t\t\t\n\t\t\t\t\t\t\t<h2 class=\"ha-horizontal-timeline-title\">O in\u00edcio<\/h2>\n\t\t\t\t\t\t\t\t\t\t\t\t\t\t\t<span class=\"ha-horizontal-timeline-subtitle\">Fundada por Silv\u00e2nia Dias<\/span>\n\t\t\t\t\t\t\t\n\t\t\t\t\t\t\t<div class=\"ha-horizontal-timeline-description\"><p>Lorem ipsum dolor sit amet, consectetur adipiscing elit. Donec id nibh hendrerit, accumsan sem et, vulputate magna. Proin auctor finibus orci eget fringilla. Phasellus scelerisque tempus ex et viverra. Proin hendrerit malesuada fermentum. Etiam sit amet dui efficitur, egestas ex eget, congue nibh.\u00a0<\/p><\/div>\t\t\t\t\t\t<\/div>\n\t\t\t\t\t<\/div>\n\t\t\t\t<\/div>\n\n\t\t\t\t\t\t\t<div class=\"ha-horizontal-timeline-block elementor-repeater-item-109ba18\">\n\t\t\t\t\t<div class=\"ha-horizontal-timeline-icon-box\">\n\n\t\t\t\t\t\t<span class=\"ha-horizontal-timeline-date\">1993<\/span>\n\n\t\t\t\t\t\t<div class=\"ha-horizontal-timeline-top-inner\">\n\t\t\t\t\t\t\t\t\t\t\t\t\t\t\t<div class=\"ha-horizontal-timeline-icon\">\n\t\t\t\t\t\t\t\t\t<i aria-hidden=\"true\" class=\"fas fa-calendar-alt\"><\/i>\t\t\t\t\t\t\t\t<\/div>\n\t\t\t\t\t\t\t\t\t\t\t\t\t\t<div class=\"ha-horizontal-timeline-tree\"><\/div>\n\t\t\t\t\t\t<\/div>\n\t\t\t\t\t<\/div>\n\n\t\t\t\t\t<div class=\"ha-horizontal-timeline-content\">\n\n\t\t\t\t\t\t\t\t\t\t\t\t\t<div class=\"ha-horizontal-timeline-arrow\"><\/div>\n\t\t\t\t\t\t\n\t\t\t\t\t\t<div class=\"ha-horizontal-timeline-inner\">\n\t\t\t\t\t\t\t\t\t\t\t\t\t\t\t\t\t\t\t\t\t\t\t<div class=\"ha-horizontal-timeline-image\" >\n\t\t\t\t\t\t\t\t\t<img decoding=\"async\" src=\"https:\/\/papelariadecora.com.br\/communicare\/wp-content\/plugins\/elementor\/assets\/images\/placeholder.png\" title=\"\" alt=\"\" loading=\"lazy\" \/>\t\t\t\t\t\t\t\t<\/div>\n\t\t\t\t\t\t\t\n\t\t\t\t\t\t\t<h2 class=\"ha-horizontal-timeline-title\">O in\u00edcio<\/h2>\n\t\t\t\t\t\t\t\t\t\t\t\t\t\t\t<span class=\"ha-horizontal-timeline-subtitle\">Fundada por Silv\u00e2nia Dias<\/span>\n\t\t\t\t\t\t\t\n\t\t\t\t\t\t\t<div class=\"ha-horizontal-timeline-description\"><p>Lorem ipsum dolor sit amet, consectetur adipiscing elit. Donec id nibh hendrerit, accumsan sem et, vulputate magna. Proin auctor finibus orci eget fringilla. Phasellus scelerisque tempus ex et viverra. Proin hendrerit malesuada fermentum. Etiam sit amet dui efficitur, egestas ex eget, congue nibh.\u00a0<\/p><\/div>\t\t\t\t\t\t<\/div>\n\t\t\t\t\t<\/div>\n\t\t\t\t<\/div>\n\n\t\t\t\t\t\t\t<div class=\"ha-horizontal-timeline-block elementor-repeater-item-ec6afdb\">\n\t\t\t\t\t<div class=\"ha-horizontal-timeline-icon-box\">\n\n\t\t\t\t\t\t<span class=\"ha-horizontal-timeline-date\">1993<\/span>\n\n\t\t\t\t\t\t<div class=\"ha-horizontal-timeline-top-inner\">\n\t\t\t\t\t\t\t\t\t\t\t\t\t\t\t<div class=\"ha-horizontal-timeline-icon\">\n\t\t\t\t\t\t\t\t\t<i aria-hidden=\"true\" class=\"fas fa-calendar-alt\"><\/i>\t\t\t\t\t\t\t\t<\/div>\n\t\t\t\t\t\t\t\t\t\t\t\t\t\t<div class=\"ha-horizontal-timeline-tree\"><\/div>\n\t\t\t\t\t\t<\/div>\n\t\t\t\t\t<\/div>\n\n\t\t\t\t\t<div class=\"ha-horizontal-timeline-content\">\n\n\t\t\t\t\t\t\t\t\t\t\t\t\t<div class=\"ha-horizontal-timeline-arrow\"><\/div>\n\t\t\t\t\t\t\n\t\t\t\t\t\t<div class=\"ha-horizontal-timeline-inner\">\n\t\t\t\t\t\t\t\t\t\t\t\t\t\t\t\t\t\t\t\t\t\t\t<div class=\"ha-horizontal-timeline-image\" >\n\t\t\t\t\t\t\t\t\t<img decoding=\"async\" src=\"https:\/\/papelariadecora.com.br\/communicare\/wp-content\/plugins\/elementor\/assets\/images\/placeholder.png\" title=\"\" alt=\"\" loading=\"lazy\" \/>\t\t\t\t\t\t\t\t<\/div>\n\t\t\t\t\t\t\t\n\t\t\t\t\t\t\t<h2 class=\"ha-horizontal-timeline-title\">O in\u00edcio<\/h2>\n\t\t\t\t\t\t\t\t\t\t\t\t\t\t\t<span class=\"ha-horizontal-timeline-subtitle\">Fundada por Silv\u00e2nia Dias<\/span>\n\t\t\t\t\t\t\t\n\t\t\t\t\t\t\t<div class=\"ha-horizontal-timeline-description\"><p>Lorem ipsum dolor sit amet, consectetur adipiscing elit. Donec id nibh hendrerit, accumsan sem et, vulputate magna. Proin auctor finibus orci eget fringilla. Phasellus scelerisque tempus ex et viverra. Proin hendrerit malesuada fermentum. Etiam sit amet dui efficitur, egestas ex eget, congue nibh.\u00a0<\/p><\/div>\t\t\t\t\t\t<\/div>\n\t\t\t\t\t<\/div>\n\t\t\t\t<\/div>\n\n\t\t\t\n\t\t<\/div>\n\n\t\t\t\t\t<button type=\"button\" class=\"slick-prev\"><i aria-hidden=\"true\" class=\"fas fa-chevron-left\"><\/i><\/button>\n\t\t\n\t\t\t\t\t<button type=\"button\" class=\"slick-next\"><i aria-hidden=\"true\" class=\"fas fa-chevron-right\"><\/i><\/button>\n\t\t\n\t\t\t\t<\/div>\n\t\t\t\t<\/div>\n\t\t\t\t<div class=\"elementor-element elementor-element-8372a99 elementor-widget elementor-widget-ha-creative-button happy-addon ha-creative-button\" data-id=\"8372a99\" data-element_type=\"widget\" data-widget_type=\"ha-creative-button.default\">\n\t\t\t\t<div class=\"elementor-widget-container\">\n\t\t\t\t\t<div data-magnetic=\"no\" class=\"ha-creative-btn-wrap\">\n\t\t\t<a class=\"ha-creative-btn ha-stl--symbolab ha-eft--back-in-right\" href=\"https:\/\/papelariadecora.com.br\/communicare\/orcamento\/\" rel=\"nofollow\">PE\u00c7A UM OR\u00c7AMENTO<i aria-hidden=\"true\" class=\"fas fa-chevron-right\"><\/i><\/a>\n\t\t<\/div>\t\t<\/div>\n\t\t\t\t<\/div>\n\t\t\t\t\t<\/div>\n\t\t<\/div>\n\t\t\t\t\t<\/div>\n\t\t<\/section>\n\t\t\t\t<\/div>\n\t\t","protected":false},"excerpt":{"rendered":"<p>A Communicare Quem somos? Sobre n\u00f3s Estar preparado para se comunicar \u00e9 uma necessidade de todas as empresas que querem crescer. Seriedade, compromisso e busca pelo que existe de mais moderno na comunica\u00e7\u00e3o s\u00e3o alguns dos atributos que fazem da Communicare uma ag\u00eancia de refer\u00eancia. Na Communicare voc\u00ea encontra uma equipe de profissionais multidisciplinar, preparada [&hellip;]<\/p>\n","protected":false},"author":1,"featured_media":0,"parent":0,"menu_order":0,"comment_status":"closed","ping_status":"closed","template":"","meta":{"footnotes":""},"class_list":["post-1351","page","type-page","status-publish","hentry"],"aioseo_notices":[],"_links":{"self":[{"href":"https:\/\/papelariadecora.com.br\/communicare\/wp-json\/wp\/v2\/pages\/1351","targetHints":{"allow":["GET"]}}],"collection":[{"href":"https:\/\/papelariadecora.com.br\/communicare\/wp-json\/wp\/v2\/pages"}],"about":[{"href":"https:\/\/papelariadecora.com.br\/communicare\/wp-json\/wp\/v2\/types\/page"}],"author":[{"embeddable":true,"href":"https:\/\/papelariadecora.com.br\/communicare\/wp-json\/wp\/v2\/users\/1"}],"replies":[{"embeddable":true,"href":"https:\/\/papelariadecora.com.br\/communicare\/wp-json\/wp\/v2\/comments?post=1351"}],"version-history":[{"count":120,"href":"https:\/\/papelariadecora.com.br\/communicare\/wp-json\/wp\/v2\/pages\/1351\/revisions"}],"predecessor-version":[{"id":3844,"href":"https:\/\/papelariadecora.com.br\/communicare\/wp-json\/wp\/v2\/pages\/1351\/revisions\/3844"}],"wp:attachment":[{"href":"https:\/\/papelariadecora.com.br\/communicare\/wp-json\/wp\/v2\/media?parent=1351"}],"curies":[{"name":"wp","href":"https:\/\/api.w.org\/{rel}","templated":true}]}}