{"id":3478,"date":"2023-12-12T09:18:25","date_gmt":"2023-12-12T12:18:25","guid":{"rendered":"https:\/\/papelariadecora.com.br\/communicare\/?page_id=3478"},"modified":"2024-02-09T13:27:53","modified_gmt":"2024-02-09T16:27:53","slug":"nossa-equipe","status":"publish","type":"page","link":"https:\/\/papelariadecora.com.br\/communicare\/nossa-equipe\/","title":{"rendered":"Nossa Equipe"},"content":{"rendered":"\t\t<div data-elementor-type=\"wp-page\" data-elementor-id=\"3478\" class=\"elementor elementor-3478\" data-elementor-settings=\"{&quot;ha_cmc_init_switcher&quot;:&quot;no&quot;}\">\n\t\t\t\t\t\t<section class=\"elementor-section elementor-top-section elementor-element elementor-element-be953ed elementor-section-height-min-height elementor-section-boxed elementor-section-height-default elementor-section-items-middle\" data-id=\"be953ed\" data-element_type=\"section\" data-settings=\"{&quot;background_background&quot;:&quot;classic&quot;,&quot;shape_divider_bottom&quot;:&quot;triangle&quot;,&quot;_ha_eqh_enable&quot;:false}\">\n\t\t\t\t\t\t\t<div class=\"elementor-background-overlay\"><\/div>\n\t\t\t\t\t\t<div class=\"elementor-shape elementor-shape-bottom\" data-negative=\"false\">\n\t\t\t<svg xmlns=\"http:\/\/www.w3.org\/2000\/svg\" viewBox=\"0 0 1000 100\" preserveAspectRatio=\"none\">\n\t<path class=\"elementor-shape-fill\" d=\"M500,98.9L0,6.1V0h1000v6.1L500,98.9z\"\/>\n<\/svg>\t\t<\/div>\n\t\t\t\t\t<div class=\"elementor-container elementor-column-gap-default\">\n\t\t\t\t\t<div class=\"elementor-column elementor-col-100 elementor-top-column elementor-element elementor-element-b59723d\" data-id=\"b59723d\" data-element_type=\"column\">\n\t\t\t<div class=\"elementor-widget-wrap elementor-element-populated\">\n\t\t\t\t\t\t<div class=\"elementor-element elementor-element-84c62d1 elementor-invisible elementor-widget elementor-widget-heading\" data-id=\"84c62d1\" data-element_type=\"widget\" data-settings=\"{&quot;_animation&quot;:&quot;bounceIn&quot;}\" data-widget_type=\"heading.default\">\n\t\t\t\t<div class=\"elementor-widget-container\">\n\t\t\t<style>\/*! elementor - v3.22.0 - 17-06-2024 *\/\n.elementor-heading-title{padding:0;margin:0;line-height:1}.elementor-widget-heading .elementor-heading-title[class*=elementor-size-]>a{color:inherit;font-size:inherit;line-height:inherit}.elementor-widget-heading .elementor-heading-title.elementor-size-small{font-size:15px}.elementor-widget-heading .elementor-heading-title.elementor-size-medium{font-size:19px}.elementor-widget-heading .elementor-heading-title.elementor-size-large{font-size:29px}.elementor-widget-heading .elementor-heading-title.elementor-size-xl{font-size:39px}.elementor-widget-heading .elementor-heading-title.elementor-size-xxl{font-size:59px}<\/style><h3 class=\"elementor-heading-title elementor-size-default\">Nossa Equipe<\/h3>\t\t<\/div>\n\t\t\t\t<\/div>\n\t\t\t\t<div class=\"elementor-element elementor-element-c271efe elementor-align-center elementor-invisible elementor-widget elementor-widget-button\" data-id=\"c271efe\" data-element_type=\"widget\" data-settings=\"{&quot;_animation&quot;:&quot;fadeIn&quot;}\" data-widget_type=\"button.default\">\n\t\t\t\t<div class=\"elementor-widget-container\">\n\t\t\t\t\t<div class=\"elementor-button-wrapper\">\n\t\t\t<a class=\"elementor-button elementor-size-sm\" role=\"button\">\n\t\t\t\t\t\t<span class=\"elementor-button-content-wrapper\">\n\t\t\t\t\t\t\t\t\t<span class=\"elementor-button-text\">Somos Communicare<\/span>\n\t\t\t\t\t<\/span>\n\t\t\t\t\t<\/a>\n\t\t<\/div>\n\t\t\t\t<\/div>\n\t\t\t\t<\/div>\n\t\t\t\t\t<\/div>\n\t\t<\/div>\n\t\t\t\t\t<\/div>\n\t\t<\/section>\n\t\t\t\t<section class=\"elementor-section elementor-top-section elementor-element elementor-element-a4c1acb elementor-section-boxed elementor-section-height-default elementor-section-height-default\" data-id=\"a4c1acb\" data-element_type=\"section\" data-settings=\"{&quot;_ha_eqh_enable&quot;:false}\">\n\t\t\t\t\t\t<div class=\"elementor-container elementor-column-gap-default\">\n\t\t\t\t\t<div class=\"elementor-column elementor-col-100 elementor-top-column elementor-element elementor-element-c738c8e\" data-id=\"c738c8e\" data-element_type=\"column\">\n\t\t\t<div class=\"elementor-widget-wrap elementor-element-populated\">\n\t\t\t\t\t\t<div class=\"elementor-element elementor-element-59a4447 elementor-invisible elementor-widget elementor-widget-heading\" data-id=\"59a4447\" data-element_type=\"widget\" data-settings=\"{&quot;_animation&quot;:&quot;bounceIn&quot;}\" data-widget_type=\"heading.default\">\n\t\t\t\t<div class=\"elementor-widget-container\">\n\t\t\t<h2 class=\"elementor-heading-title elementor-size-default\">Voc\u00ea conhece a nossa equipe?<\/h2>\t\t<\/div>\n\t\t\t\t<\/div>\n\t\t\t\t<div class=\"elementor-element elementor-element-3e9a6db elementor-invisible elementor-widget elementor-widget-text-editor\" data-id=\"3e9a6db\" data-element_type=\"widget\" data-settings=\"{&quot;_animation&quot;:&quot;fadeIn&quot;}\" data-widget_type=\"text-editor.default\">\n\t\t\t\t<div class=\"elementor-widget-container\">\n\t\t\t<style>\/*! elementor - v3.22.0 - 17-06-2024 *\/\n.elementor-widget-text-editor.elementor-drop-cap-view-stacked .elementor-drop-cap{background-color:#69727d;color:#fff}.elementor-widget-text-editor.elementor-drop-cap-view-framed .elementor-drop-cap{color:#69727d;border:3px solid;background-color:transparent}.elementor-widget-text-editor:not(.elementor-drop-cap-view-default) .elementor-drop-cap{margin-top:8px}.elementor-widget-text-editor:not(.elementor-drop-cap-view-default) .elementor-drop-cap-letter{width:1em;height:1em}.elementor-widget-text-editor .elementor-drop-cap{float:left;text-align:center;line-height:1;font-size:50px}.elementor-widget-text-editor .elementor-drop-cap-letter{display:inline-block}<\/style>\t\t\t\t<p>A Communicare reconhece e valoriza profundamente a import\u00e2ncia de cada membro de nossa equipe. Nosso grupo \u00e9 formado por profissionais dedicados que se esfor\u00e7am diariamente para alcan\u00e7ar a excel\u00eancia, visando proporcionar a melhor experi\u00eancia tanto no conv\u00edvio interno entre colegas quanto na intera\u00e7\u00e3o externa com nossos clientes.<\/p><p>Enfatizamos a diversidade e acreditamos nas distintas perspectivas de vida, experi\u00eancias e habilidades dos nossos colaboradores. Atrav\u00e9s dessa riqueza de diferen\u00e7as, somos capazes de compartilhar ideias e experi\u00eancias, transformando nosso ambiente de trabalho em um espa\u00e7o onde a criatividade e a inova\u00e7\u00e3o prosperam.<\/p>\t\t\t\t\t\t<\/div>\n\t\t\t\t<\/div>\n\t\t\t\t<div class=\"elementor-element elementor-element-98f57ae elementor-widget elementor-widget-image\" data-id=\"98f57ae\" data-element_type=\"widget\" data-widget_type=\"image.default\">\n\t\t\t\t<div class=\"elementor-widget-container\">\n\t\t\t<style>\/*! elementor - v3.22.0 - 17-06-2024 *\/\n.elementor-widget-image{text-align:center}.elementor-widget-image a{display:inline-block}.elementor-widget-image a img[src$=\".svg\"]{width:48px}.elementor-widget-image img{vertical-align:middle;display:inline-block}<\/style>\t\t\t\t\t\t\t\t\t\t<img fetchpriority=\"high\" decoding=\"async\" width=\"1374\" height=\"926\" src=\"https:\/\/papelariadecora.com.br\/communicare\/wp-content\/uploads\/2024\/02\/Imagem-equipe-site.png\" class=\"attachment-full size-full wp-image-3872\" alt=\"\" srcset=\"https:\/\/papelariadecora.com.br\/communicare\/wp-content\/uploads\/2024\/02\/Imagem-equipe-site.png 1374w, https:\/\/papelariadecora.com.br\/communicare\/wp-content\/uploads\/2024\/02\/Imagem-equipe-site-300x202.png 300w, https:\/\/papelariadecora.com.br\/communicare\/wp-content\/uploads\/2024\/02\/Imagem-equipe-site-1024x690.png 1024w, https:\/\/papelariadecora.com.br\/communicare\/wp-content\/uploads\/2024\/02\/Imagem-equipe-site-768x518.png 768w\" sizes=\"(max-width: 1374px) 100vw, 1374px\" \/>\t\t\t\t\t\t\t\t\t\t\t\t\t<\/div>\n\t\t\t\t<\/div>\n\t\t\t\t<div class=\"elementor-element elementor-element-8372a99 elementor-widget elementor-widget-ha-creative-button happy-addon ha-creative-button\" data-id=\"8372a99\" data-element_type=\"widget\" data-widget_type=\"ha-creative-button.default\">\n\t\t\t\t<div class=\"elementor-widget-container\">\n\t\t\t\t\t<div data-magnetic=\"no\" class=\"ha-creative-btn-wrap\">\n\t\t\t<a class=\"ha-creative-btn ha-stl--symbolab ha-eft--back-in-right\" href=\"https:\/\/papelariadecora.com.br\/communicare\/orcamento\/\" rel=\"nofollow\">ENTRE EM CONTATO<i aria-hidden=\"true\" class=\"fas fa-chevron-right\"><\/i><\/a>\n\t\t<\/div>\t\t<\/div>\n\t\t\t\t<\/div>\n\t\t\t\t\t<\/div>\n\t\t<\/div>\n\t\t\t\t\t<\/div>\n\t\t<\/section>\n\t\t\t\t<\/div>\n\t\t","protected":false},"excerpt":{"rendered":"<p>Nossa Equipe Somos Communicare Voc\u00ea conhece a nossa equipe? A Communicare reconhece e valoriza profundamente a import\u00e2ncia de cada membro de nossa equipe. Nosso grupo \u00e9 formado por profissionais dedicados que se esfor\u00e7am diariamente para alcan\u00e7ar a excel\u00eancia, visando proporcionar a melhor experi\u00eancia tanto no conv\u00edvio interno entre colegas quanto na intera\u00e7\u00e3o externa com nossos [&hellip;]<\/p>\n","protected":false},"author":1,"featured_media":0,"parent":0,"menu_order":0,"comment_status":"closed","ping_status":"closed","template":"","meta":{"footnotes":""},"class_list":["post-3478","page","type-page","status-publish","hentry"],"aioseo_notices":[],"_links":{"self":[{"href":"https:\/\/papelariadecora.com.br\/communicare\/wp-json\/wp\/v2\/pages\/3478","targetHints":{"allow":["GET"]}}],"collection":[{"href":"https:\/\/papelariadecora.com.br\/communicare\/wp-json\/wp\/v2\/pages"}],"about":[{"href":"https:\/\/papelariadecora.com.br\/communicare\/wp-json\/wp\/v2\/types\/page"}],"author":[{"embeddable":true,"href":"https:\/\/papelariadecora.com.br\/communicare\/wp-json\/wp\/v2\/users\/1"}],"replies":[{"embeddable":true,"href":"https:\/\/papelariadecora.com.br\/communicare\/wp-json\/wp\/v2\/comments?post=3478"}],"version-history":[{"count":19,"href":"https:\/\/papelariadecora.com.br\/communicare\/wp-json\/wp\/v2\/pages\/3478\/revisions"}],"predecessor-version":[{"id":3878,"href":"https:\/\/papelariadecora.com.br\/communicare\/wp-json\/wp\/v2\/pages\/3478\/revisions\/3878"}],"wp:attachment":[{"href":"https:\/\/papelariadecora.com.br\/communicare\/wp-json\/wp\/v2\/media?parent=3478"}],"curies":[{"name":"wp","href":"https:\/\/api.w.org\/{rel}","templated":true}]}}